{"id":4486,"date":"2016-04-24T10:00:00","date_gmt":"2016-04-24T08:00:00","guid":{"rendered":"https:\/\/urbexophil.com\/?page_id=4486"},"modified":"2020-04-26T00:40:31","modified_gmt":"2020-04-25T22:40:31","slug":"presentation-de-photographe-et-demarche-artistique","status":"publish","type":"page","link":"https:\/\/urbexophil.com\/index.php\/presentation-de-photographe-et-demarche-artistique\/","title":{"rendered":"A Propos de moi.             Things about me."},"content":{"rendered":"\n<h2><img loading=\"lazy\" width=\"1024\" height=\"682\" class=\"wp-image-4502\" style=\"width: 150px;\" src=\"https:\/\/i0.wp.com\/urbexophil.com\/wp-content\/uploads\/2020\/04\/drapeau-Francais-1.jpg?resize=1024%2C682&#038;ssl=1\" alt=\"\" data-recalc-dims=\"1\">Pr\u00e9sentation de Photographe et d\u00e9marche artistique <\/h2>\n\n\n\n<p><\/p>\n\n\n\n<p><\/p>\n\n\n\n<p class=\"has-text-align-left\">Philippe Claverin, 42 ans, artiste photographe amateur en dilettante avec un tr\u00e8s fort attrait pour les photos d\u2019instants vol\u00e9s depuis longtemps. Curieux de nature et adorateur du silence. <\/p>\n\n\n\n<p class=\"has-text-align-left\">Je suis passionn\u00e9 par les ouvrages que l\u2019homme \u00e0 b\u00e2ti, utilis\u00e9, puis laiss\u00e9 \u00e0 l\u2019abandon J\u2019aime \u00e0 penser que nous ne sommes que de passage par \u00ab ici \u00bb et qu\u2019avec le temps et l\u2019oubli seules ces constructions subsistent. C\u2019est en quelque sorte un h\u00e9ritage commun qui traverse les \u00e9poques et que  je prends plaisir \u00e0 photographier aujourd&#8217;hui.<\/p>\n\n\n\n<p class=\"has-text-align-left\"> Se retrouver seul dans le silence d\u2019un lieu qui autrefois \u00e9tait plong\u00e9 dans le \u201cbrouhaha\u201d humain et m\u00e9canique procure une excitation particuli\u00e8re je vous l\u2019assure. Je me nourris de cette \u00e9motion et de l\u2019\u00e9nergie qui se d\u00e9gage le plus souvent des endroits que je visite. <\/p>\n\n\n\n<p class=\"has-text-align-left\">Je tache donc par tous les moyens de faire transpara\u00eetre cette \u00e9motion au travers de mes clich\u00e9s. Cette pratique n\u2019est pas sans risques et peut \u00eatre d\u2019ailleurs s\u00e9v\u00e8rement r\u00e9prim\u00e9e par la loi, je l\u2019appr\u00e9hende donc de mani\u00e8re raisonn\u00e9e \u00e0 chacune de mes sorties. <\/p>\n\n\n\n<p class=\"has-text-align-left\">Elle est malheureusement devenue \u00e0 la \u201cmode\u201d et il en d\u00e9coule donc tous les travers et les d\u00e9rives qu\u2019une telle m\u00e9diatisation apporte (Accidents, Vols, Saccages et Vandalisme, Incendies accidentels ou criminels etc.)<\/p>\n\n\n\n<p class=\"has-text-align-left\"> Voil\u00e0 sachez simplement que les seules choses avec lesquelles je repars de mes visites sont des souvenirs et des photos. Ma d\u00e9marche est certes artistique, mais j\u2019apporte aussi beaucoup d\u2019int\u00e9r\u00eat \u00e0 notre patrimoine et au savoir de nos \u00ab anciens \u00bb qui sont tous deux en train de dispara\u00eetre par manque d\u2019int\u00e9r\u00eat. <\/p>\n\n\n\n<p class=\"has-text-align-left\">Nous vivons aujourd\u2019hui \u00e0 une \u00e9poque o\u00f9 tout va vite, ou tout doit \u00eatre \u00ab vite-fait \u00bb j\u2019essaie donc au travers de mon travail de faire resurgir du pass\u00e9 les richesses de notre histoire.<\/p>\n\n\n\n<p class=\"has-text-align-center\">Bienvenue dans mon univers<\/p>\n\n\n\n<p class=\"has-text-align-center\">-UrbexoPhil-<\/p>\n\n\n\n<p><\/p>\n\n\n\n<h2><img loading=\"lazy\" width=\"640\" height=\"320\" class=\"wp-image-4507\" style=\"width: 150px;\" src=\"https:\/\/i2.wp.com\/urbexophil.com\/wp-content\/uploads\/2020\/04\/drapeau-royaume-uni.jpg?resize=640%2C320&#038;ssl=1\" alt=\"\" data-recalc-dims=\"1\">Presentation of Photographer and artistic approach<\/h2>\n\n\n\n<p><\/p>\n\n\n\n<p><\/p>\n\n\n\n<p>Philippe Claverin, 42 years old, artist photographer for a long time with a very strong attraction for stolen moments pictures. Curious by nature and silence worshipper.<\/p>\n\n\n\n<p> I am passionate about the works built by man, used and then being abandoned. I like to think that we are only passing through \u00ab here on Earth \u00bb and, as time goes on, only these constructions remain. It is a sort of common heritage that passes through the ages and that I love to photograph today.<\/p>\n\n\n\n<p> Being alone in the silence of a place that once was filled with the human and mechanical &#8220;hubbub&#8221; provides a particular excitement, I can assure you.<\/p>\n\n\n\n<p> I nurture my creativity with the emotion and energy that emerge, most of the time, from the places I visit and my purpose is to show this emotion with my shots, by any means.<\/p>\n\n\n\n<p> However, this practice is not without risks and can be severely punished by law, so I explore it in a considered manner in each of my shootings. <\/p>\n\n\n\n<p>Unfortunately, as it has become hype, improper conducts and excesses have arisen (such as accidents, thefts, vandalisms, arson or accidental fires, etc.) As far as I am concerned, when I leave these places, it\u2019s only with photos and memories. <\/p>\n\n\n\n<p>My approach is certainly artistic, but I also have an interest in our heritage and in the knowledge of our elders, which are both unfortunately disappearing by lack of interest. <\/p>\n\n\n\n<p>We live in an era where everything is going so fast, where everything must be quickly done and, through my artistic work, I try to bring back from the past, the richness of our history<\/p>\n\n\n\n<p class=\"has-text-align-center\">Welcome to my world<\/p>\n\n\n\n<p class=\"has-text-align-center\">-UrbexoPhil-<\/p>\n","protected":false},"excerpt":{"rendered":"","protected":false},"author":2,"featured_media":0,"parent":0,"menu_order":0,"comment_status":"closed","ping_status":"closed","template":"","meta":{"spay_email":""},"yoast_head":"<!-- This site is optimized with the Yoast SEO plugin v14.9 - https:\/\/yoast.com\/wordpress\/plugins\/seo\/ -->\n<title>A Propos de moi.       Things about me. - urbexophil -<\/title>\n<meta name=\"description\" content=\"urbexophil - A Propos de moi.       Things about me. -\" \/>\n<meta name=\"robots\" content=\"index, follow, max-snippet:-1, max-image-preview:large, max-video-preview:-1\" \/>\n<link rel=\"canonical\" href=\"https:\/\/urbexophil.com\/index.php\/presentation-de-photographe-et-demarche-artistique\/\" \/>\n<meta property=\"og:locale\" content=\"fr_FR\" \/>\n<meta property=\"og:type\" content=\"article\" \/>\n<meta property=\"og:title\" content=\"A Propos de moi.       Things about me. - urbexophil -\" \/>\n<meta property=\"og:description\" content=\"urbexophil - A Propos de moi.       Things about me. -\" \/>\n<meta property=\"og:url\" content=\"https:\/\/urbexophil.com\/index.php\/presentation-de-photographe-et-demarche-artistique\/\" \/>\n<meta property=\"og:site_name\" content=\"urbexophil\" \/>\n<meta property=\"article:publisher\" content=\"https:\/\/www.facebook.com\/Urbexophil\" \/>\n<meta property=\"article:modified_time\" content=\"2020-04-25T22:40:31+00:00\" \/>\n<meta property=\"og:image\" content=\"https:\/\/urbexophil.com\/wp-content\/uploads\/2020\/04\/drapeau-Francais-1.jpg\" \/>\n<meta name=\"twitter:card\" content=\"summary_large_image\" \/>\n<meta name=\"twitter:creator\" content=\"@urbexophil\" \/>\n<meta name=\"twitter:site\" content=\"@urbexophil\" \/>\n<script type=\"application\/ld+json\" class=\"yoast-schema-graph\">{\"@context\":\"https:\/\/schema.org\",\"@graph\":[{\"@type\":\"WebSite\",\"@id\":\"https:\/\/urbexophil.com\/#website\",\"url\":\"https:\/\/urbexophil.com\/\",\"name\":\"urbexophil\",\"description\":\"Entrer..Shooter..sortir\",\"potentialAction\":[{\"@type\":\"SearchAction\",\"target\":\"https:\/\/urbexophil.com\/?s={search_term_string}\",\"query-input\":\"required name=search_term_string\"}],\"inLanguage\":\"fr-FR\"},{\"@type\":\"ImageObject\",\"@id\":\"https:\/\/urbexophil.com\/index.php\/presentation-de-photographe-et-demarche-artistique\/#primaryimage\",\"inLanguage\":\"fr-FR\",\"url\":\"https:\/\/i0.wp.com\/urbexophil.com\/wp-content\/uploads\/2020\/04\/drapeau-Francais-1.jpg?fit=1024%2C682&ssl=1\",\"width\":1024,\"height\":682},{\"@type\":\"WebPage\",\"@id\":\"https:\/\/urbexophil.com\/index.php\/presentation-de-photographe-et-demarche-artistique\/#webpage\",\"url\":\"https:\/\/urbexophil.com\/index.php\/presentation-de-photographe-et-demarche-artistique\/\",\"name\":\"A Propos de moi. Things about me. - urbexophil -\",\"isPartOf\":{\"@id\":\"https:\/\/urbexophil.com\/#website\"},\"primaryImageOfPage\":{\"@id\":\"https:\/\/urbexophil.com\/index.php\/presentation-de-photographe-et-demarche-artistique\/#primaryimage\"},\"datePublished\":\"2016-04-24T08:00:00+00:00\",\"dateModified\":\"2020-04-25T22:40:31+00:00\",\"description\":\"urbexophil - A Propos de moi. Things about me. -\",\"inLanguage\":\"fr-FR\",\"potentialAction\":[{\"@type\":\"ReadAction\",\"target\":[\"https:\/\/urbexophil.com\/index.php\/presentation-de-photographe-et-demarche-artistique\/\"]}]}]}<\/script>\n<!-- \/ Yoast SEO plugin. -->","jetpack_sharing_enabled":true,"jetpack_shortlink":"https:\/\/wp.me\/P9HXIq-1am","jetpack_likes_enabled":true,"_links":{"self":[{"href":"https:\/\/urbexophil.com\/index.php\/wp-json\/wp\/v2\/pages\/4486"}],"collection":[{"href":"https:\/\/urbexophil.com\/index.php\/wp-json\/wp\/v2\/pages"}],"about":[{"href":"https:\/\/urbexophil.com\/index.php\/wp-json\/wp\/v2\/types\/page"}],"author":[{"embeddable":true,"href":"https:\/\/urbexophil.com\/index.php\/wp-json\/wp\/v2\/users\/2"}],"replies":[{"embeddable":true,"href":"https:\/\/urbexophil.com\/index.php\/wp-json\/wp\/v2\/comments?post=4486"}],"version-history":[{"count":4,"href":"https:\/\/urbexophil.com\/index.php\/wp-json\/wp\/v2\/pages\/4486\/revisions"}],"predecessor-version":[{"id":4512,"href":"https:\/\/urbexophil.com\/index.php\/wp-json\/wp\/v2\/pages\/4486\/revisions\/4512"}],"wp:attachment":[{"href":"https:\/\/urbexophil.com\/index.php\/wp-json\/wp\/v2\/media?parent=4486"}],"curies":[{"name":"wp","href":"https:\/\/api.w.org\/{rel}","templated":true}]}}