{"id":4430,"date":"2020-04-19T10:17:09","date_gmt":"2020-04-19T08:17:09","guid":{"rendered":"http:\/\/urbexophil.com\/?page_id=4430"},"modified":"2020-04-19T10:17:10","modified_gmt":"2020-04-19T08:17:10","slug":"interview-avec-eric-doireau-du-site-art-certificate","status":"publish","type":"page","link":"https:\/\/urbexophil.com\/index.php\/interview-avec-eric-doireau-du-site-art-certificate\/","title":{"rendered":"Interview avec Eric Doireau du site  &#8220;Art-Certificate &#8220;"},"content":{"rendered":"\n<p class=\"has-text-align-center\">                                                   <strong><span style=\"color:#c87507\" class=\"has-inline-color\">     17 Avril 2020<\/span><\/strong><\/p>\n\n\n\n<p>Depuis que j&#8217;ai commenc\u00e9 \u00e0 vendre des tirages photo, j&#8217;ai souhait\u00e9 que mes tirages soient accompagn\u00e9s d&#8217;une certificat d&#8217;authenticit\u00e9, et j&#8217;ai \u00e9galement souhait\u00e9 que cela soit fait de mani\u00e8re professionnelle.<\/p>\n\n\n\n<p>J&#8217;ai trouv\u00e9 mon bonheur aupr\u00e8s du site Art-certificate. J&#8217;imprime mes certificat avec un num\u00e9ro unique de l&#8217;oeuvre et un QRCode qui renvoi au certificat de d\u00e9p\u00f4t de l&#8217;oeuvre qui en atteste la v\u00e9racit\u00e9 ..<\/p>\n\n\n\n<p>Eric Doireau m&#8217; a gentillement contact\u00e9 pour que je lui parle de ma discipline dans une interview que vous trouver ci dessous . Je vous laisse la regarder et me laisser vos commentaires .. et n&#8217; h\u00e9sitez pas \u00e0 partager cet article sur vos r\u00e9seaux sociaux!!<\/p>\n\n\n\n<p>Bon Confinement \u00e0 vous toutes et tous et Prenez soin de vous<\/p>\n\n\n\n<figure class=\"wp-block-embed-youtube wp-block-embed is-type-video is-provider-youtube wp-embed-aspect-16-9 wp-has-aspect-ratio\"><div class=\"wp-block-embed__wrapper\">\n<span class=\"embed-youtube\" style=\"text-align:center; display: block;\"><iframe class='youtube-player' width='640' height='360' src='https:\/\/www.youtube.com\/embed\/LpoN8oxLp2w?version=3&#038;rel=1&#038;showsearch=0&#038;showinfo=1&#038;iv_load_policy=1&#038;fs=1&#038;hl=fr-FR&#038;autohide=2&#038;wmode=transparent' allowfullscreen='true' style='border:0;' sandbox='allow-scripts allow-same-origin allow-popups allow-presentation'><\/iframe><\/span>\n<\/div><\/figure>\n\n\n\n<p><strong>Me suivre sur mes diff\u00e9rents R\u00e9seaux ci dessous<\/strong><\/p>\n\n\n\n<ul class=\"wp-container-1 wp-block-social-links\"><li class=\"wp-social-link wp-social-link-facebook wp-block-social-link\"><a href=\"https:\/\/www.facebook.com\/urbexophil\/\"  class=\"wp-block-social-link-anchor\"><svg width=\"24\" height=\"24\" viewBox=\"0 0 24 24\" version=\"1.1\" xmlns=\"http:\/\/www.w3.org\/2000\/svg\" aria-hidden=\"true\" focusable=\"false\"><path d=\"M12 2C6.5 2 2 6.5 2 12c0 5 3.7 9.1 8.4 9.9v-7H7.9V12h2.5V9.8c0-2.5 1.5-3.9 3.8-3.9 1.1 0 2.2.2 2.2.2v2.5h-1.3c-1.2 0-1.6.8-1.6 1.6V12h2.8l-.4 2.9h-2.3v7C18.3 21.1 22 17 22 12c0-5.5-4.5-10-10-10z\"><\/path><\/svg><span class=\"wp-block-social-link-label screen-reader-text\">Facebook<\/span><\/a><\/li>\n\n<li class=\"wp-social-link wp-social-link-instagram wp-block-social-link\"><a href=\"https:\/\/www.instagram.com\/urbexophil\/?hl=fr\"  class=\"wp-block-social-link-anchor\"><svg width=\"24\" height=\"24\" viewBox=\"0 0 24 24\" version=\"1.1\" xmlns=\"http:\/\/www.w3.org\/2000\/svg\" aria-hidden=\"true\" focusable=\"false\"><path d=\"M12,4.622c2.403,0,2.688,0.009,3.637,0.052c0.877,0.04,1.354,0.187,1.671,0.31c0.42,0.163,0.72,0.358,1.035,0.673 c0.315,0.315,0.51,0.615,0.673,1.035c0.123,0.317,0.27,0.794,0.31,1.671c0.043,0.949,0.052,1.234,0.052,3.637 s-0.009,2.688-0.052,3.637c-0.04,0.877-0.187,1.354-0.31,1.671c-0.163,0.42-0.358,0.72-0.673,1.035 c-0.315,0.315-0.615,0.51-1.035,0.673c-0.317,0.123-0.794,0.27-1.671,0.31c-0.949,0.043-1.233,0.052-3.637,0.052 s-2.688-0.009-3.637-0.052c-0.877-0.04-1.354-0.187-1.671-0.31c-0.42-0.163-0.72-0.358-1.035-0.673 c-0.315-0.315-0.51-0.615-0.673-1.035c-0.123-0.317-0.27-0.794-0.31-1.671C4.631,14.688,4.622,14.403,4.622,12 s0.009-2.688,0.052-3.637c0.04-0.877,0.187-1.354,0.31-1.671c0.163-0.42,0.358-0.72,0.673-1.035 c0.315-0.315,0.615-0.51,1.035-0.673c0.317-0.123,0.794-0.27,1.671-0.31C9.312,4.631,9.597,4.622,12,4.622 M12,3 C9.556,3,9.249,3.01,8.289,3.054C7.331,3.098,6.677,3.25,6.105,3.472C5.513,3.702,5.011,4.01,4.511,4.511 c-0.5,0.5-0.808,1.002-1.038,1.594C3.25,6.677,3.098,7.331,3.054,8.289C3.01,9.249,3,9.556,3,12c0,2.444,0.01,2.751,0.054,3.711 c0.044,0.958,0.196,1.612,0.418,2.185c0.23,0.592,0.538,1.094,1.038,1.594c0.5,0.5,1.002,0.808,1.594,1.038 c0.572,0.222,1.227,0.375,2.185,0.418C9.249,20.99,9.556,21,12,21s2.751-0.01,3.711-0.054c0.958-0.044,1.612-0.196,2.185-0.418 c0.592-0.23,1.094-0.538,1.594-1.038c0.5-0.5,0.808-1.002,1.038-1.594c0.222-0.572,0.375-1.227,0.418-2.185 C20.99,14.751,21,14.444,21,12s-0.01-2.751-0.054-3.711c-0.044-0.958-0.196-1.612-0.418-2.185c-0.23-0.592-0.538-1.094-1.038-1.594 c-0.5-0.5-1.002-0.808-1.594-1.038c-0.572-0.222-1.227-0.375-2.185-0.418C14.751,3.01,14.444,3,12,3L12,3z M12,7.378 c-2.552,0-4.622,2.069-4.622,4.622S9.448,16.622,12,16.622s4.622-2.069,4.622-4.622S14.552,7.378,12,7.378z M12,15 c-1.657,0-3-1.343-3-3s1.343-3,3-3s3,1.343,3,3S13.657,15,12,15z M16.804,6.116c-0.596,0-1.08,0.484-1.08,1.08 s0.484,1.08,1.08,1.08c0.596,0,1.08-0.484,1.08-1.08S17.401,6.116,16.804,6.116z\"><\/path><\/svg><span class=\"wp-block-social-link-label screen-reader-text\">Instagram<\/span><\/a><\/li>\n\n<li class=\"wp-social-link wp-social-link-twitter wp-block-social-link\"><a href=\"https:\/\/twitter.com\/urbexophil\"  class=\"wp-block-social-link-anchor\"><svg width=\"24\" height=\"24\" viewBox=\"0 0 24 24\" version=\"1.1\" xmlns=\"http:\/\/www.w3.org\/2000\/svg\" aria-hidden=\"true\" focusable=\"false\"><path d=\"M22.23,5.924c-0.736,0.326-1.527,0.547-2.357,0.646c0.847-0.508,1.498-1.312,1.804-2.27 c-0.793,0.47-1.671,0.812-2.606,0.996C18.324,4.498,17.257,4,16.077,4c-2.266,0-4.103,1.837-4.103,4.103 c0,0.322,0.036,0.635,0.106,0.935C8.67,8.867,5.647,7.234,3.623,4.751C3.27,5.357,3.067,6.062,3.067,6.814 c0,1.424,0.724,2.679,1.825,3.415c-0.673-0.021-1.305-0.206-1.859-0.513c0,0.017,0,0.034,0,0.052c0,1.988,1.414,3.647,3.292,4.023 c-0.344,0.094-0.707,0.144-1.081,0.144c-0.264,0-0.521-0.026-0.772-0.074c0.522,1.63,2.038,2.816,3.833,2.85 c-1.404,1.1-3.174,1.756-5.096,1.756c-0.331,0-0.658-0.019-0.979-0.057c1.816,1.164,3.973,1.843,6.29,1.843 c7.547,0,11.675-6.252,11.675-11.675c0-0.178-0.004-0.355-0.012-0.531C20.985,7.47,21.68,6.747,22.23,5.924z\"><\/path><\/svg><span class=\"wp-block-social-link-label screen-reader-text\">Twitter<\/span><\/a><\/li>\n\n<li class=\"wp-social-link wp-social-link-pinterest wp-block-social-link\"><a href=\"https:\/\/www.pinterest.fr\/Urbexophilphilippeclaverin\/\"  class=\"wp-block-social-link-anchor\"><svg width=\"24\" height=\"24\" viewBox=\"0 0 24 24\" version=\"1.1\" xmlns=\"http:\/\/www.w3.org\/2000\/svg\" aria-hidden=\"true\" focusable=\"false\"><path d=\"M12.289,2C6.617,2,3.606,5.648,3.606,9.622c0,1.846,1.025,4.146,2.666,4.878c0.25,0.111,0.381,0.063,0.439-0.169 c0.044-0.175,0.267-1.029,0.365-1.428c0.032-0.128,0.017-0.237-0.091-0.362C6.445,11.911,6.01,10.75,6.01,9.668 c0-2.777,2.194-5.464,5.933-5.464c3.23,0,5.49,2.108,5.49,5.122c0,3.407-1.794,5.768-4.13,5.768c-1.291,0-2.257-1.021-1.948-2.277 c0.372-1.495,1.089-3.112,1.089-4.191c0-0.967-0.542-1.775-1.663-1.775c-1.319,0-2.379,1.309-2.379,3.059 c0,1.115,0.394,1.869,0.394,1.869s-1.302,5.279-1.54,6.261c-0.405,1.666,0.053,4.368,0.094,4.604 c0.021,0.126,0.167,0.169,0.25,0.063c0.129-0.165,1.699-2.419,2.142-4.051c0.158-0.59,0.817-2.995,0.817-2.995 c0.43,0.784,1.681,1.446,3.013,1.446c3.963,0,6.822-3.494,6.822-7.833C20.394,5.112,16.849,2,12.289,2\"><\/path><\/svg><span class=\"wp-block-social-link-label screen-reader-text\">Pinterest<\/span><\/a><\/li>\n\n<li class=\"wp-social-link wp-social-link-linkedin wp-block-social-link\"><a href=\"https:\/\/www.linkedin.com\/in\/philippe-claverin-39523b1a6\/\"  class=\"wp-block-social-link-anchor\"><svg width=\"24\" height=\"24\" viewBox=\"0 0 24 24\" version=\"1.1\" xmlns=\"http:\/\/www.w3.org\/2000\/svg\" aria-hidden=\"true\" focusable=\"false\"><path d=\"M19.7,3H4.3C3.582,3,3,3.582,3,4.3v15.4C3,20.418,3.582,21,4.3,21h15.4c0.718,0,1.3-0.582,1.3-1.3V4.3 C21,3.582,20.418,3,19.7,3z M8.339,18.338H5.667v-8.59h2.672V18.338z M7.004,8.574c-0.857,0-1.549-0.694-1.549-1.548 c0-0.855,0.691-1.548,1.549-1.548c0.854,0,1.547,0.694,1.547,1.548C8.551,7.881,7.858,8.574,7.004,8.574z M18.339,18.338h-2.669 v-4.177c0-0.996-0.017-2.278-1.387-2.278c-1.389,0-1.601,1.086-1.601,2.206v4.249h-2.667v-8.59h2.559v1.174h0.037 c0.356-0.675,1.227-1.387,2.526-1.387c2.703,0,3.203,1.779,3.203,4.092V18.338z\"><\/path><\/svg><span class=\"wp-block-social-link-label screen-reader-text\">LinkedIn<\/span><\/a><\/li>\n\n\n\n<\/ul>\n\n\n\n<p><\/p>\n\n\n\n<p><\/p>\n\n\n\n<p>N&#8217;h\u00e9sitez pas \u00e0 partager cet article sur vos r\u00e9seaux en cliquant ci dessous<\/p>\n\n\n<div class=\"social_share_wrapper shortcode\"><h5>Share On<\/h5><br\/><br\/><ul><li><a target=\"_blank\" href=\"https:\/\/www.facebook.com\/sharer\/sharer.php?u=https:\/\/urbexophil.com\/index.php\/interview-avec-eric-doireau-du-site-art-certificate\/\"><i class=\"fa fa-facebook marginright\"><\/i><\/a><\/li><li><a target=\"_blank\" href=\"https:\/\/twitter.com\/intent\/tweet?original_referer=https:\/\/urbexophil.com\/index.php\/interview-avec-eric-doireau-du-site-art-certificate\/&url=https:\/\/urbexophil.com\/index.php\/interview-avec-eric-doireau-du-site-art-certificate\/\"><i class=\"fa fa-twitter marginright\"><\/i><\/a><\/li><li><a target=\"_blank\" href=\"http:\/\/www.pinterest.com\/pin\/create\/button\/?url=https%3A%2F%2Furbexophil.com%2Findex.php%2Finterview-avec-eric-doireau-du-site-art-certificate%2F\"><i class=\"fa fa-pinterest marginright\"><\/i><\/a><\/li><li><a target=\"_blank\" href=\"https:\/\/plus.google.com\/share?url=https:\/\/urbexophil.com\/index.php\/interview-avec-eric-doireau-du-site-art-certificate\/\"><i class=\"fa fa-google-plus marginright\"><\/i><\/a><\/li><\/ul><\/div>\n","protected":false},"excerpt":{"rendered":"","protected":false},"author":2,"featured_media":0,"parent":0,"menu_order":0,"comment_status":"open","ping_status":"closed","template":"","meta":{"spay_email":""},"yoast_head":"<!-- This site is optimized with the Yoast SEO plugin v14.9 - https:\/\/yoast.com\/wordpress\/plugins\/seo\/ -->\n<title>Interview avec Eric Doireau du site &quot;Art-Certificate &quot; - urbexophil<\/title>\n<meta name=\"robots\" content=\"index, follow, max-snippet:-1, max-image-preview:large, max-video-preview:-1\" \/>\n<link rel=\"canonical\" href=\"https:\/\/urbexophil.com\/index.php\/interview-avec-eric-doireau-du-site-art-certificate\/\" \/>\n<meta property=\"og:locale\" content=\"fr_FR\" \/>\n<meta property=\"og:type\" content=\"article\" \/>\n<meta property=\"og:title\" content=\"Interview avec Eric Doireau du site &quot;Art-Certificate &quot; - urbexophil\" \/>\n<meta property=\"og:url\" content=\"https:\/\/urbexophil.com\/index.php\/interview-avec-eric-doireau-du-site-art-certificate\/\" \/>\n<meta property=\"og:site_name\" content=\"urbexophil\" \/>\n<meta property=\"article:publisher\" content=\"https:\/\/www.facebook.com\/Urbexophil\" \/>\n<meta property=\"article:modified_time\" content=\"2020-04-19T08:17:10+00:00\" \/>\n<meta name=\"twitter:card\" content=\"summary_large_image\" \/>\n<meta name=\"twitter:creator\" content=\"@urbexophil\" \/>\n<meta name=\"twitter:site\" content=\"@urbexophil\" \/>\n<script type=\"application\/ld+json\" class=\"yoast-schema-graph\">{\"@context\":\"https:\/\/schema.org\",\"@graph\":[{\"@type\":\"WebSite\",\"@id\":\"https:\/\/urbexophil.com\/#website\",\"url\":\"https:\/\/urbexophil.com\/\",\"name\":\"urbexophil\",\"description\":\"Entrer..Shooter..sortir\",\"potentialAction\":[{\"@type\":\"SearchAction\",\"target\":\"https:\/\/urbexophil.com\/?s={search_term_string}\",\"query-input\":\"required name=search_term_string\"}],\"inLanguage\":\"fr-FR\"},{\"@type\":\"WebPage\",\"@id\":\"https:\/\/urbexophil.com\/index.php\/interview-avec-eric-doireau-du-site-art-certificate\/#webpage\",\"url\":\"https:\/\/urbexophil.com\/index.php\/interview-avec-eric-doireau-du-site-art-certificate\/\",\"name\":\"Interview avec Eric Doireau du site \\\"Art-Certificate \\\" - urbexophil\",\"isPartOf\":{\"@id\":\"https:\/\/urbexophil.com\/#website\"},\"datePublished\":\"2020-04-19T08:17:09+00:00\",\"dateModified\":\"2020-04-19T08:17:10+00:00\",\"inLanguage\":\"fr-FR\",\"potentialAction\":[{\"@type\":\"ReadAction\",\"target\":[\"https:\/\/urbexophil.com\/index.php\/interview-avec-eric-doireau-du-site-art-certificate\/\"]}]}]}<\/script>\n<!-- \/ Yoast SEO plugin. -->","jetpack_sharing_enabled":true,"jetpack_shortlink":"https:\/\/wp.me\/P9HXIq-19s","jetpack_likes_enabled":true,"_links":{"self":[{"href":"https:\/\/urbexophil.com\/index.php\/wp-json\/wp\/v2\/pages\/4430"}],"collection":[{"href":"https:\/\/urbexophil.com\/index.php\/wp-json\/wp\/v2\/pages"}],"about":[{"href":"https:\/\/urbexophil.com\/index.php\/wp-json\/wp\/v2\/types\/page"}],"author":[{"embeddable":true,"href":"https:\/\/urbexophil.com\/index.php\/wp-json\/wp\/v2\/users\/2"}],"replies":[{"embeddable":true,"href":"https:\/\/urbexophil.com\/index.php\/wp-json\/wp\/v2\/comments?post=4430"}],"version-history":[{"count":13,"href":"https:\/\/urbexophil.com\/index.php\/wp-json\/wp\/v2\/pages\/4430\/revisions"}],"predecessor-version":[{"id":4447,"href":"https:\/\/urbexophil.com\/index.php\/wp-json\/wp\/v2\/pages\/4430\/revisions\/4447"}],"wp:attachment":[{"href":"https:\/\/urbexophil.com\/index.php\/wp-json\/wp\/v2\/media?parent=4430"}],"curies":[{"name":"wp","href":"https:\/\/api.w.org\/{rel}","templated":true}]}}